{"id":2,"date":"2024-10-31T08:39:47","date_gmt":"2024-10-31T08:39:47","guid":{"rendered":"https:\/\/design-architektur.ch\/?page_id=2"},"modified":"2025-02-11T13:03:19","modified_gmt":"2025-02-11T12:03:19","slug":"home","status":"publish","type":"page","link":"https:\/\/design-architektur.ch\/","title":{"rendered":"Home"},"content":{"rendered":"\n<div class=\"wp-block-group alignfull has-global-padding is-layout-constrained wp-container-core-group-is-layout-19e250f3 wp-block-group-is-layout-constrained\">\n<div class=\"wp-block-group alignwide home-head has-background has-global-padding is-layout-constrained wp-container-core-group-is-layout-9030d65c wp-block-group-is-layout-constrained\" style=\"border-bottom-color:var(--wp--preset--color--contrast);border-bottom-width:1px;background-color:#36393d00;padding-top:0px;padding-bottom:0px\">\n<div class=\"wp-block-columns is-not-stacked-on-mobile is-layout-flex wp-container-core-columns-is-layout-d36bea85 wp-block-columns-is-layout-flex\" style=\"margin-top:0px;margin-bottom:0px;padding-top:0px;padding-right:0px;padding-bottom:0px;padding-left:0px\">\n<div class=\"wp-block-column is-vertically-aligned-center is-layout-flow wp-block-column-is-layout-flow\" style=\"padding-top:0;padding-bottom:0;flex-basis:80%\">\n<figure class=\"wp-block-image size-full is-resized\"><a href=\"https:\/\/design-architektur.ch\/\"><img loading=\"lazy\" decoding=\"async\" width=\"300\" height=\"138\" src=\"https:\/\/design-architektur.ch\/wp-content\/uploads\/2024\/11\/architektur_design_logo-1.png\" alt=\"\" class=\"wp-image-532\" style=\"width:140px\"\/><\/a><\/figure>\n<\/div>\n\n\n\n<div class=\"wp-block-column is-vertically-aligned-center is-layout-flow wp-block-column-is-layout-flow\"><nav class=\"has-text-color has-contrast-color has-x-large-font-size is-responsive items-justified-center wp-block-navigation wp-container-content-9cfa9a5a is-content-justification-center is-layout-flex wp-container-core-navigation-is-layout-11db0663 wp-block-navigation-is-layout-flex\" aria-label=\"Navigation\" \n\t\t data-wp-interactive=\"core\/navigation\" data-wp-context='{\"overlayOpenedBy\":{\"click\":false,\"hover\":false,\"focus\":false},\"type\":\"overlay\",\"roleAttribute\":\"\",\"ariaLabel\":\"Men\\u00fc\"}'><button aria-haspopup=\"dialog\" aria-label=\"Men\u00fc \u00f6ffnen\" class=\"wp-block-navigation__responsive-container-open always-shown\" \n\t\t\t\tdata-wp-on-async--click=\"actions.openMenuOnClick\"\n\t\t\t\tdata-wp-on--keydown=\"actions.handleMenuKeydown\"\n\t\t\t><svg width=\"24\" height=\"24\" xmlns=\"http:\/\/www.w3.org\/2000\/svg\" viewBox=\"0 0 24 24\"><path d=\"M5 5v1.5h14V5H5zm0 7.8h14v-1.5H5v1.5zM5 19h14v-1.5H5V19z\" \/><\/svg><\/button>\n\t\t\t\t<div class=\"wp-block-navigation__responsive-container hidden-by-default has-text-color has-contrast-color has-background has-base-background-color\"  id=\"modal-1\" \n\t\t\t\tdata-wp-class--has-modal-open=\"state.isMenuOpen\"\n\t\t\t\tdata-wp-class--is-menu-open=\"state.isMenuOpen\"\n\t\t\t\tdata-wp-watch=\"callbacks.initMenu\"\n\t\t\t\tdata-wp-on--keydown=\"actions.handleMenuKeydown\"\n\t\t\t\tdata-wp-on-async--focusout=\"actions.handleMenuFocusout\"\n\t\t\t\ttabindex=\"-1\"\n\t\t\t>\n\t\t\t\t\t<div class=\"wp-block-navigation__responsive-close\" tabindex=\"-1\">\n\t\t\t\t\t\t<div class=\"wp-block-navigation__responsive-dialog\" \n\t\t\t\tdata-wp-bind--aria-modal=\"state.ariaModal\"\n\t\t\t\tdata-wp-bind--aria-label=\"state.ariaLabel\"\n\t\t\t\tdata-wp-bind--role=\"state.roleAttribute\"\n\t\t\t>\n\t\t\t\t\t\t\t<button aria-label=\"Men\u00fc schlie\u00dfen\" class=\"wp-block-navigation__responsive-container-close\" \n\t\t\t\tdata-wp-on-async--click=\"actions.closeMenuOnClick\"\n\t\t\t><svg xmlns=\"http:\/\/www.w3.org\/2000\/svg\" viewBox=\"0 0 24 24\" width=\"24\" height=\"24\" aria-hidden=\"true\" focusable=\"false\"><path d=\"m13.06 12 6.47-6.47-1.06-1.06L12 10.94 5.53 4.47 4.47 5.53 10.94 12l-6.47 6.47 1.06 1.06L12 13.06l6.47 6.47 1.06-1.06L13.06 12Z\"><\/path><\/svg><\/button>\n\t\t\t\t\t\t\t<div class=\"wp-block-navigation__responsive-container-content\" \n\t\t\t\tdata-wp-watch=\"callbacks.focusFirstElement\"\n\t\t\t id=\"modal-1-content\">\n\t\t\t\t\t\t\t\t<ul class=\"wp-block-navigation__container has-text-color has-contrast-color has-x-large-font-size is-responsive items-justified-center wp-block-navigation has-x-large-font-size\"><li class=\"has-x-large-font-size wp-block-navigation-item is-style-default wp-block-navigation-link has-medium-font-size\"><a class=\"wp-block-navigation-item__content\"  href=\"https:\/\/design-architektur.ch\/index.php\/home\/\"><span class=\"wp-block-navigation-item__label\">Home<\/span><\/a><\/li><li class=\"has-x-large-font-size wp-block-navigation-item wp-block-navigation-link\"><a class=\"wp-block-navigation-item__content\"  href=\"https:\/\/design-architektur.ch\/uber-mich\/\"><span class=\"wp-block-navigation-item__label\">\u00dcber mich<\/span><\/a><\/li><li class=\"has-x-large-font-size wp-block-navigation-item wp-block-navigation-link\"><a class=\"wp-block-navigation-item__content\"  href=\"https:\/\/design-architektur.ch\/dienstleistungen\/\"><span class=\"wp-block-navigation-item__label\">Dienstleistungen<\/span><\/a><\/li><li class=\"has-x-large-font-size wp-block-navigation-item wp-block-navigation-link\"><a class=\"wp-block-navigation-item__content\"  href=\"https:\/\/design-architektur.ch\/projekte\/\"><span class=\"wp-block-navigation-item__label\">Projekte<\/span><\/a><\/li><li class=\"has-x-large-font-size wp-block-navigation-item wp-block-navigation-link\"><a class=\"wp-block-navigation-item__content\"  href=\"https:\/\/design-architektur.ch\/kontakt\/\"><span class=\"wp-block-navigation-item__label\">Kontakt<\/span><\/a><\/li><\/ul>\n\t\t\t\t\t\t\t<\/div>\n\t\t\t\t\t\t<\/div>\n\t\t\t\t\t<\/div>\n\t\t\t\t<\/div><\/nav><\/div>\n\n\n\n<div class=\"wp-block-column is-vertically-aligned-center header-social-icons is-layout-flow wp-block-column-is-layout-flow\" style=\"border-left-color:var(--wp--preset--color--contrast);border-left-width:1px;padding-top:19px;padding-bottom:19px;flex-basis:12%\">\n<ul class=\"wp-block-social-links has-icon-color is-style-logos-only is-content-justification-right is-layout-flex wp-container-core-social-links-is-layout-d445cf74 wp-block-social-links-is-layout-flex\"><li style=\"color: #f9f9f9; \" class=\"wp-social-link wp-social-link-facebook has-contrast-color wp-block-social-link\"><a href=\"https:\/\/www.facebook.com\/design-architektur-ursula-meyer-bieri-1420912551531152\/\" class=\"wp-block-social-link-anchor\"><svg width=\"24\" height=\"24\" viewBox=\"0 0 24 24\" version=\"1.1\" xmlns=\"http:\/\/www.w3.org\/2000\/svg\" aria-hidden=\"true\" focusable=\"false\"><path d=\"M12 2C6.5 2 2 6.5 2 12c0 5 3.7 9.1 8.4 9.9v-7H7.9V12h2.5V9.8c0-2.5 1.5-3.9 3.8-3.9 1.1 0 2.2.2 2.2.2v2.5h-1.3c-1.2 0-1.6.8-1.6 1.6V12h2.8l-.4 2.9h-2.3v7C18.3 21.1 22 17 22 12c0-5.5-4.5-10-10-10z\"><\/path><\/svg><span class=\"wp-block-social-link-label screen-reader-text\">Facebook<\/span><\/a><\/li>\n\n<li style=\"color: #f9f9f9; \" class=\"wp-social-link wp-social-link-linkedin has-contrast-color wp-block-social-link\"><a href=\"https:\/\/www.linkedin.com\/in\/ursula-meyer-bieri-77b8159a\/\" class=\"wp-block-social-link-anchor\"><svg width=\"24\" height=\"24\" viewBox=\"0 0 24 24\" version=\"1.1\" xmlns=\"http:\/\/www.w3.org\/2000\/svg\" aria-hidden=\"true\" focusable=\"false\"><path d=\"M19.7,3H4.3C3.582,3,3,3.582,3,4.3v15.4C3,20.418,3.582,21,4.3,21h15.4c0.718,0,1.3-0.582,1.3-1.3V4.3 C21,3.582,20.418,3,19.7,3z M8.339,18.338H5.667v-8.59h2.672V18.338z M7.004,8.574c-0.857,0-1.549-0.694-1.549-1.548 c0-0.855,0.691-1.548,1.549-1.548c0.854,0,1.547,0.694,1.547,1.548C8.551,7.881,7.858,8.574,7.004,8.574z M18.339,18.338h-2.669 v-4.177c0-0.996-0.017-2.278-1.387-2.278c-1.389,0-1.601,1.086-1.601,2.206v4.249h-2.667v-8.59h2.559v1.174h0.037 c0.356-0.675,1.227-1.387,2.526-1.387c2.703,0,3.203,1.779,3.203,4.092V18.338z\"><\/path><\/svg><span class=\"wp-block-social-link-label screen-reader-text\">LinkedIn<\/span><\/a><\/li>\n\n<li style=\"color: #f9f9f9; \" class=\"wp-social-link wp-social-link-mail has-contrast-color wp-block-social-link\"><a href=\"mailto:info@design-architektur.ch\" class=\"wp-block-social-link-anchor\"><svg width=\"24\" height=\"24\" viewBox=\"0 0 24 24\" version=\"1.1\" xmlns=\"http:\/\/www.w3.org\/2000\/svg\" aria-hidden=\"true\" focusable=\"false\"><path d=\"M19,5H5c-1.1,0-2,.9-2,2v10c0,1.1.9,2,2,2h14c1.1,0,2-.9,2-2V7c0-1.1-.9-2-2-2zm.5,12c0,.3-.2.5-.5.5H5c-.3,0-.5-.2-.5-.5V9.8l7.5,5.6,7.5-5.6V17zm0-9.1L12,13.6,4.5,7.9V7c0-.3.2-.5.5-.5h14c.3,0,.5.2.5.5v.9z\"><\/path><\/svg><span class=\"wp-block-social-link-label screen-reader-text\">Mail<\/span><\/a><\/li><\/ul>\n<\/div>\n<\/div>\n<\/div>\n\n\n<div class=\"alignfull alignfull home-slider wp-block-evb-slider\" id='evssSlider-2' data-attributes='{&quot;align&quot;:&quot;full&quot;,&quot;slides&quot;:[{&quot;background&quot;:&quot;background: url(\\&quot;https:\\\/\\\/design-architektur.ch\\\/wp-content\\\/uploads\\\/2024\\\/11\\\/IMG_0760edited-scaled.jpg\\&quot;) center center \\\/ cover no-repeat;;;;;;&quot;,&quot;content&quot;:&quot;&quot;,&quot;contentStyle&quot;:{&quot;color&quot;:&quot;#ffffff&quot;,&quot;bg&quot;:&quot;background-color: #0000;&quot;}},{&quot;background&quot;:&quot;background: url(\\&quot;https:\\\/\\\/design-architektur.ch\\\/wp-content\\\/uploads\\\/2024\\\/11\\\/IMG_5808_edited-scaled.jpg\\&quot;) center center \\\/ cover no-repeat;;&quot;,&quot;content&quot;:&quot;&quot;,&quot;contentStyle&quot;:{&quot;color&quot;:&quot;#ffffff&quot;,&quot;bg&quot;:&quot;background-color: #0000;&quot;}},{&quot;background&quot;:&quot;background: url(\\&quot;https:\\\/\\\/design-architektur.ch\\\/wp-content\\\/uploads\\\/2024\\\/11\\\/IMG_0847edited-scaled.jpg\\&quot;) center center \\\/ cover no-repeat;;&quot;,&quot;content&quot;:&quot;&quot;,&quot;contentStyle&quot;:{&quot;color&quot;:&quot;#ffffff&quot;,&quot;bg&quot;:&quot;background-color: #0000;&quot;}},{&quot;background&quot;:&quot;background: url(\\&quot;https:\\\/\\\/design-architektur.ch\\\/wp-content\\\/uploads\\\/2024\\\/11\\\/IMG_7200ed-scaled.jpg\\&quot;) center center \\\/ cover no-repeat;;&quot;,&quot;content&quot;:&quot;&quot;,&quot;contentStyle&quot;:{&quot;color&quot;:&quot;#ffffff&quot;,&quot;bg&quot;:&quot;background-color: #0000;&quot;}}],&quot;layout&quot;:{&quot;width&quot;:{&quot;desktop&quot;:&quot;100%&quot;,&quot;tablet&quot;:&quot;&quot;,&quot;mobile&quot;:&quot;&quot;},&quot;height&quot;:{&quot;desktop&quot;:&quot;100vh&quot;,&quot;tablet&quot;:&quot;&quot;,&quot;mobile&quot;:&quot;&quot;},&quot;align&quot;:{&quot;desktop&quot;:&quot;center&quot;,&quot;tablet&quot;:&quot;&quot;,&quot;mobile&quot;:&quot;&quot;}},&quot;options&quot;:{&quot;breakpoints&quot;:{&quot;0&quot;:{&quot;slidesPerView&quot;:1,&quot;spaceBetween&quot;:15},&quot;481&quot;:{&quot;slidesPerView&quot;:2,&quot;spaceBetween&quot;:20},&quot;961&quot;:{&quot;slidesPerView&quot;:1,&quot;spaceBetween&quot;:30}},&quot;dir&quot;:&quot;ltr&quot;,&quot;direction&quot;:&quot;horizontal&quot;,&quot;centeredSlides&quot;:false,&quot;initialSlide&quot;:0,&quot;grabCursor&quot;:false,&quot;slideToClickedSlide&quot;:false,&quot;effect&quot;:&quot;fade&quot;,&quot;fadeEffect&quot;:{&quot;crossFade&quot;:false},&quot;cubeEffect&quot;:{&quot;slideShadows&quot;:true,&quot;shadow&quot;:true,&quot;shadowOffset&quot;:20,&quot;shadowScale&quot;:0.94},&quot;flipEffect&quot;:{&quot;slideShadows&quot;:true,&quot;limitRotation&quot;:true},&quot;coverflowEffect&quot;:{&quot;slideShadows&quot;:true,&quot;depth&quot;:100,&quot;rotate&quot;:50,&quot;scale&quot;:1,&quot;stretch&quot;:0,&quot;modifier&quot;:1},&quot;cardsEffect&quot;:{&quot;slideShadows&quot;:true,&quot;rotate&quot;:true,&quot;perSlideOffset&quot;:8,&quot;perSlideRotate&quot;:2},&quot;creativeEffect&quot;:{&quot;prev&quot;:{&quot;translate&quot;:[0,0,0],&quot;rotate&quot;:[0,0,0],&quot;opacity&quot;:1,&quot;scale&quot;:1,&quot;shadow&quot;:true,&quot;origin&quot;:&quot;left bottom&quot;},&quot;next&quot;:{&quot;translate&quot;:[0,0,0],&quot;rotate&quot;:[0,0,0],&quot;opacity&quot;:1,&quot;scale&quot;:1,&quot;shadow&quot;:true,&quot;origin&quot;:&quot;left bottom&quot;},&quot;limitProgress&quot;:1,&quot;perspective&quot;:true,&quot;progressMultiplier&quot;:1,&quot;shadowPerProgress&quot;:false},&quot;speed&quot;:500,&quot;timingFunction&quot;:&quot;cubic-bezier(0, 0, 0.58, 1.0)&quot;,&quot;loop&quot;:{&quot;mode&quot;:&quot;disabled&quot;,&quot;addBlankSlides&quot;:false,&quot;additionalSlides&quot;:0},&quot;autoplay&quot;:{&quot;enabled&quot;:true,&quot;delay&quot;:3000,&quot;pauseOnMouseEnter&quot;:false,&quot;disableOnInteraction&quot;:true,&quot;reverseDirection&quot;:false,&quot;stopOnLastSlide&quot;:false},&quot;navigation&quot;:{&quot;enabled&quot;:false,&quot;hideOnClick&quot;:false},&quot;pagination&quot;:{&quot;enabled&quot;:false,&quot;hideOnClick&quot;:false,&quot;type&quot;:&quot;bullets&quot;,&quot;clickable&quot;:true,&quot;dynamicBullets&quot;:false,&quot;dynamicMainBullets&quot;:1,&quot;progressbarOpposite&quot;:false},&quot;scrollbar&quot;:{&quot;enabled&quot;:false,&quot;draggable&quot;:false,&quot;hide&quot;:true,&quot;snapOnRelease&quot;:false},&quot;freeMode&quot;:{&quot;enabled&quot;:false,&quot;sticky&quot;:false,&quot;momentum&quot;:true,&quot;momentumRatio&quot;:1,&quot;minimumVelocity&quot;:0.02,&quot;momentumVelocityRatio&quot;:1,&quot;momentumBounce&quot;:true,&quot;momentumBounceRatio&quot;:1},&quot;keyboard&quot;:{&quot;enabled&quot;:false,&quot;onlyInViewport&quot;:true,&quot;pageUpDown&quot;:false},&quot;mousewheel&quot;:{&quot;enabled&quot;:false,&quot;forceToAxis&quot;:false,&quot;invert&quot;:false,&quot;releaseOnEdges&quot;:false,&quot;sensitivity&quot;:1,&quot;thresholdDelta&quot;:null,&quot;thresholdTime&quot;:null},&quot;parallax&quot;:false,&quot;accessibility&quot;:{&quot;enabled&quot;:true},&quot;zoom&quot;:{&quot;toggle&quot;:false,&quot;minRatio&quot;:1,&quot;maxRatio&quot;:3,&quot;limitToOriginalSize&quot;:false}},&quot;design&quot;:{&quot;slide&quot;:{&quot;padding&quot;:&quot;&quot;,&quot;border&quot;:[],&quot;radius&quot;:&quot;&quot;},&quot;content&quot;:{&quot;maxWidth&quot;:&quot;100%&quot;,&quot;textAlign&quot;:&quot;center&quot;,&quot;horizontalAlign&quot;:&quot;center&quot;,&quot;verticalAlign&quot;:&quot;center&quot;,&quot;padding&quot;:&quot;15px 15px 15px 15px&quot;},&quot;creative&quot;:{&quot;preset&quot;:&quot;default&quot;},&quot;navigation&quot;:{&quot;icon&quot;:&quot;chevron&quot;,&quot;iconSize&quot;:44,&quot;placement&quot;:&quot;inside&quot;,&quot;position&quot;:&quot;center&quot;,&quot;color&quot;:&quot;#5465ff&quot;},&quot;pagination&quot;:{&quot;placement&quot;:&quot;inside&quot;,&quot;side&quot;:&quot;bottom&quot;,&quot;position&quot;:&quot;center&quot;,&quot;width&quot;:&quot;8px&quot;,&quot;height&quot;:&quot;8px&quot;,&quot;radius&quot;:&quot;50%&quot;,&quot;gap&quot;:&quot;8px&quot;,&quot;color&quot;:&quot;#333&quot;,&quot;background&quot;:&quot;#fff&quot;},&quot;scrollbar&quot;:{&quot;position&quot;:&quot;end&quot;,&quot;trackColor&quot;:&quot;#0000001a&quot;,&quot;thumbColor&quot;:&quot;#00000080&quot;}},&quot;className&quot;:&quot;home-slider&quot;}'>\n\t<div id='evssSlider-2-contents' style='display: none;'>\n\t\t\t\t\t<div id='slideContent-0'>\n<h3 class=\"wp-block-heading\">\u00abZEIGE MIR, WIE DU BAUST, ICH SAGE DIR, WER DU BIST.\u00bb<\/h3>\n\n\n\n<p class=\"has-text-align-center\">Zitat: Christian Morgenstern (1871 \u2013 1914)<\/p>\n\n\n\n<p class=\"has-text-align-center\">Vom ersten Gespr\u00e4ch bis zur Schl\u00fcssel\u00fcbergabe stehen wir Ihnen zur Seite und stellen sicher, dass Ihre W\u00fcnsche und Vorstellungen m\u00f6glich gemacht werden.<\/p>\n\n\n\n<p><\/p>\n\n\n\n<p><\/p>\n\n\n\n<p><\/p>\n<\/div>\n\t\t\t\t\t<div id='slideContent-1'>\n<h3 class=\"wp-block-heading\">\u00abZEIGE MIR, WIE DU BAUST, ICH SAGE DIR, WER DU BIST.\u00bb<\/h3>\n\n\n\n<p>Zitat: Christian Morgenstern (1871 \u2013 1914)<\/p>\n\n\n\n<p>Vom ersten Gespr\u00e4ch bis zur Schl\u00fcssel\u00fcbergabe stehen wir Ihnen zur Seite und stellen sicher, dass Ihre W\u00fcnsche und Vorstellungen m\u00f6glich gemacht werden.<\/p>\n\n\n\n<p><\/p>\n<\/div>\n\t\t\t\t\t<div id='slideContent-2'>\n<h3 class=\"wp-block-heading\">\u00abZEIGE MIR, WIE DU BAUST, ICH SAGE DIR, WER DU BIST.\u00bb<\/h3>\n\n\n\n<p>Zitat: Christian Morgenstern (1871 \u2013 1914)<\/p>\n\n\n\n<p>Vom ersten Gespr\u00e4ch bis zur Schl\u00fcssel\u00fcbergabe stehen wir Ihnen zur Seite und stellen sicher, dass Ihre W\u00fcnsche und Vorstellungen m\u00f6glich gemacht werden.<\/p>\n\n\n\n<p><\/p>\n<\/div>\n\t\t\t\t\t<div id='slideContent-3'>\n<h3 class=\"wp-block-heading\">\u00abZEIGE MIR, WIE DU BAUST, ICH SAGE DIR, WER DU BIST.\u00bb<\/h3>\n\n\n\n<p>Zitat: Christian Morgenstern (1871 \u2013 1914)<\/p>\n\n\n\n<p>Vom ersten Gespr\u00e4ch bis zur Schl\u00fcssel\u00fcbergabe stehen wir Ihnen zur Seite und stellen sicher, dass Ihre W\u00fcnsche und Vorstellungen m\u00f6glich gemacht werden.<\/p>\n\n\n\n<p><\/p>\n<\/div>\n\t\t\t<\/div>\n<\/div><\/div>\n","protected":false},"excerpt":{"rendered":"","protected":false},"author":2,"featured_media":0,"parent":0,"menu_order":0,"comment_status":"closed","ping_status":"closed","template":"","meta":{"footnotes":""},"class_list":["post-2","page","type-page","status-publish","hentry"],"_links":{"self":[{"href":"https:\/\/design-architektur.ch\/wp-json\/wp\/v2\/pages\/2","targetHints":{"allow":["GET"]}}],"collection":[{"href":"https:\/\/design-architektur.ch\/wp-json\/wp\/v2\/pages"}],"about":[{"href":"https:\/\/design-architektur.ch\/wp-json\/wp\/v2\/types\/page"}],"author":[{"embeddable":true,"href":"https:\/\/design-architektur.ch\/wp-json\/wp\/v2\/users\/2"}],"replies":[{"embeddable":true,"href":"https:\/\/design-architektur.ch\/wp-json\/wp\/v2\/comments?post=2"}],"version-history":[{"count":57,"href":"https:\/\/design-architektur.ch\/wp-json\/wp\/v2\/pages\/2\/revisions"}],"predecessor-version":[{"id":592,"href":"https:\/\/design-architektur.ch\/wp-json\/wp\/v2\/pages\/2\/revisions\/592"}],"wp:attachment":[{"href":"https:\/\/design-architektur.ch\/wp-json\/wp\/v2\/media?parent=2"}],"curies":[{"name":"wp","href":"https:\/\/api.w.org\/{rel}","templated":true}]}}